{"id":132,"date":"2019-07-30T12:53:29","date_gmt":"2019-07-30T10:53:29","guid":{"rendered":"https:\/\/bergers-polonais.com\/boutique\/?post_type=product&#038;p=132"},"modified":"2025-04-12T04:07:09","modified_gmt":"2025-04-12T02:07:09","slug":"balle-dure-sonore-pour-chien","status":"publish","type":"product","link":"https:\/\/bergers-polonais.com\/boutique\/produit\/balle-dure-sonore-pour-chien\/","title":{"rendered":"Balle dure sonore pour chien"},"content":{"rendered":"","protected":false},"excerpt":{"rendered":"<p>Cette balle a la facult\u00e9 d&rsquo;\u00eatre ultra r\u00e9sistante et quasi indestructible<\/p>\n<p>par contre prot\u00e9gez vos oreilles !<\/p>\n<p>On trouve cet article sur Zooplus, <a href=\"https:\/\/www.amazon.fr\/Balle-pour-Chien-sonore-interactif\/dp\/B0774T4L5P\/ref=sr_1_9?__mk_fr_FR=%C3%85M%C3%85%C5%BD%C3%95%C3%91&amp;keywords=balle+sonore+chien&amp;qid=1564483596&amp;s=gateway&amp;sr=8-9\" target=\"_blank\" rel=\"noopener noreferrer\">Amazon &#8230;<\/a><\/p>\n<p>diam\u00e8tre environ 20 cm convient pour tous les chiens<\/p>\n","protected":false},"featured_media":133,"comment_status":"open","ping_status":"closed","template":"","meta":[],"product_cat":[28],"product_tag":[],"_links":{"self":[{"href":"https:\/\/bergers-polonais.com\/boutique\/wp-json\/wp\/v2\/product\/132"}],"collection":[{"href":"https:\/\/bergers-polonais.com\/boutique\/wp-json\/wp\/v2\/product"}],"about":[{"href":"https:\/\/bergers-polonais.com\/boutique\/wp-json\/wp\/v2\/types\/product"}],"replies":[{"embeddable":true,"href":"https:\/\/bergers-polonais.com\/boutique\/wp-json\/wp\/v2\/comments?post=132"}],"version-history":[{"count":2,"href":"https:\/\/bergers-polonais.com\/boutique\/wp-json\/wp\/v2\/product\/132\/revisions"}],"predecessor-version":[{"id":254,"href":"https:\/\/bergers-polonais.com\/boutique\/wp-json\/wp\/v2\/product\/132\/revisions\/254"}],"wp:featuredmedia":[{"embeddable":true,"href":"https:\/\/bergers-polonais.com\/boutique\/wp-json\/wp\/v2\/media\/133"}],"wp:attachment":[{"href":"https:\/\/bergers-polonais.com\/boutique\/wp-json\/wp\/v2\/media?parent=132"}],"wp:term":[{"taxonomy":"product_cat","embeddable":true,"href":"https:\/\/bergers-polonais.com\/boutique\/wp-json\/wp\/v2\/product_cat?post=132"},{"taxonomy":"product_tag","embeddable":true,"href":"https:\/\/bergers-polonais.com\/boutique\/wp-json\/wp\/v2\/product_tag?post=132"}],"curies":[{"name":"wp","href":"https:\/\/api.w.org\/{rel}","templated":true}]}}