{"id":150,"date":"2019-07-31T14:56:19","date_gmt":"2019-07-31T12:56:19","guid":{"rendered":"https:\/\/bergers-polonais.com\/boutique\/?post_type=product&#038;p=150"},"modified":"2019-08-02T22:40:41","modified_gmt":"2019-08-02T20:40:41","slug":"jouet-a-garnir","status":"publish","type":"product","link":"https:\/\/bergers-polonais.com\/boutique\/produit\/jouet-a-garnir\/","title":{"rendered":"jouet \u00e0 garnir"},"content":{"rendered":"","protected":false},"excerpt":{"rendered":"<p>Utilis\u00e9 pour occuper le chiot en croissance ou le chien adulte quand il est seul.<br \/>\nConseill\u00e9 pour le d\u00e9veloppement de la m\u00e2choire au moment du changement de dents<\/p>\n<p>Ce jouet en caoutchouc dur permet une bonne prise en bouche et favorise la mastication<br \/>\nIl est quasiment indestructible.<\/p>\n<p><strong>Astuce :<\/strong><\/p>\n<p>Bourrer l&rsquo;int\u00e9rieur d&rsquo;un m\u00e9lange de croquettes r\u00e9hydrat\u00e9es\/viande ou fromage fondu<br \/>\nMettre le jouet au cong\u00e9lateur une nuit<br \/>\nAvant de partir le lendemain passer sous un filet d&rsquo;eau pendant quelques secondes (pour que le chien ne reste pas coll\u00e9 aupr\u00e8s !!) et donner tel que<\/p>\n<p>Le temps pass\u00e9 \u00e0 vider le\u00a0 jouet de sa garniture occupera le chien et notamment le chiot en croissance<br \/>\nD\u00e9duisez la quantit\u00e9 ainsi donn\u00e9e de la ration quotidienne<\/p>\n<p>Si ceci fonctionne bien, pensez \u00e0 acheter un jouet suppl\u00e9mentaire !<\/p>\n<p><strong>o\u00f9 se le procurer ?<\/strong><\/p>\n<p>N&rsquo;importe quelle animalerie ou boutique en ligne. Sur Amazon cherchez &lsquo;<a href=\"https:\/\/www.amazon.fr\/s?k=kong&amp;__mk_fr_FR=%C3%85M%C3%85%C5%BD%C3%95%C3%91&amp;ref=nb_sb_noss_1\" target=\"_blank\" rel=\"noopener noreferrer\">Kong<\/a>&lsquo;<\/p>\n","protected":false},"featured_media":151,"comment_status":"open","ping_status":"closed","template":"","meta":[],"product_cat":[29,28],"product_tag":[],"_links":{"self":[{"href":"https:\/\/bergers-polonais.com\/boutique\/wp-json\/wp\/v2\/product\/150"}],"collection":[{"href":"https:\/\/bergers-polonais.com\/boutique\/wp-json\/wp\/v2\/product"}],"about":[{"href":"https:\/\/bergers-polonais.com\/boutique\/wp-json\/wp\/v2\/types\/product"}],"replies":[{"embeddable":true,"href":"https:\/\/bergers-polonais.com\/boutique\/wp-json\/wp\/v2\/comments?post=150"}],"version-history":[{"count":5,"href":"https:\/\/bergers-polonais.com\/boutique\/wp-json\/wp\/v2\/product\/150\/revisions"}],"predecessor-version":[{"id":252,"href":"https:\/\/bergers-polonais.com\/boutique\/wp-json\/wp\/v2\/product\/150\/revisions\/252"}],"wp:featuredmedia":[{"embeddable":true,"href":"https:\/\/bergers-polonais.com\/boutique\/wp-json\/wp\/v2\/media\/151"}],"wp:attachment":[{"href":"https:\/\/bergers-polonais.com\/boutique\/wp-json\/wp\/v2\/media?parent=150"}],"wp:term":[{"taxonomy":"product_cat","embeddable":true,"href":"https:\/\/bergers-polonais.com\/boutique\/wp-json\/wp\/v2\/product_cat?post=150"},{"taxonomy":"product_tag","embeddable":true,"href":"https:\/\/bergers-polonais.com\/boutique\/wp-json\/wp\/v2\/product_tag?post=150"}],"curies":[{"name":"wp","href":"https:\/\/api.w.org\/{rel}","templated":true}]}}