{"id":181,"date":"2019-08-01T12:03:09","date_gmt":"2019-08-01T10:03:09","guid":{"rendered":"https:\/\/bergers-polonais.com\/boutique\/?post_type=product&#038;p=181"},"modified":"2019-08-02T22:38:57","modified_gmt":"2019-08-02T20:38:57","slug":"bois-de-cerf","status":"publish","type":"product","link":"https:\/\/bergers-polonais.com\/boutique\/produit\/bois-de-cerf\/","title":{"rendered":"Panse s\u00e9ch\u00e9e et aliments d\u00e9shydrat\u00e9s"},"content":{"rendered":"","protected":false},"excerpt":{"rendered":"<ul>\n<li>Ces articles ont des propri\u00e9t\u00e9s multiples\n<ul>\n<li>entretien et d\u00e9veloppement de la m\u00e2choire<\/li>\n<li>favorisent le transit intestinal (panse)<\/li>\n<li>occupent le chiot en votre absence<\/li>\n<\/ul>\n<p>On en trouve dans toutes les animaleries et sur internet<\/p>\n<p>Choisissez les tailles les plus grosses possibles pour \u00e9viter l&rsquo;effet glouton notamment chez le Nizinny<\/p>\n<p>soyez prudents sur le dosage, trop d&rsquo;un coup peut engendrer une constipation !<\/p>\n<p>Sur Amazon chercher &lsquo;<a href=\"https:\/\/www.amazon.fr\/s?k=panse+s%C3%A9ch%C3%A9e&amp;i=pets&amp;__mk_fr_FR=%C3%85M%C3%85%C5%BD%C3%95%C3%91&amp;ref=nb_sb_noss\" target=\"_blank\" rel=\"noopener noreferrer\">panse s\u00e9ch\u00e9e<\/a>&lsquo; env 10\u20ac et plus par Kg<\/li>\n<\/ul>\n","protected":false},"featured_media":195,"comment_status":"open","ping_status":"closed","template":"","meta":[],"product_cat":[29,28],"product_tag":[],"_links":{"self":[{"href":"https:\/\/bergers-polonais.com\/boutique\/wp-json\/wp\/v2\/product\/181"}],"collection":[{"href":"https:\/\/bergers-polonais.com\/boutique\/wp-json\/wp\/v2\/product"}],"about":[{"href":"https:\/\/bergers-polonais.com\/boutique\/wp-json\/wp\/v2\/types\/product"}],"replies":[{"embeddable":true,"href":"https:\/\/bergers-polonais.com\/boutique\/wp-json\/wp\/v2\/comments?post=181"}],"version-history":[{"count":4,"href":"https:\/\/bergers-polonais.com\/boutique\/wp-json\/wp\/v2\/product\/181\/revisions"}],"predecessor-version":[{"id":248,"href":"https:\/\/bergers-polonais.com\/boutique\/wp-json\/wp\/v2\/product\/181\/revisions\/248"}],"wp:featuredmedia":[{"embeddable":true,"href":"https:\/\/bergers-polonais.com\/boutique\/wp-json\/wp\/v2\/media\/195"}],"wp:attachment":[{"href":"https:\/\/bergers-polonais.com\/boutique\/wp-json\/wp\/v2\/media?parent=181"}],"wp:term":[{"taxonomy":"product_cat","embeddable":true,"href":"https:\/\/bergers-polonais.com\/boutique\/wp-json\/wp\/v2\/product_cat?post=181"},{"taxonomy":"product_tag","embeddable":true,"href":"https:\/\/bergers-polonais.com\/boutique\/wp-json\/wp\/v2\/product_tag?post=181"}],"curies":[{"name":"wp","href":"https:\/\/api.w.org\/{rel}","templated":true}]}}