{"id":183,"date":"2019-08-01T12:03:28","date_gmt":"2019-08-01T10:03:28","guid":{"rendered":"https:\/\/bergers-polonais.com\/boutique\/?post_type=product&#038;p=183"},"modified":"2019-08-02T22:38:31","modified_gmt":"2019-08-02T20:38:31","slug":"os-fume-ou-seche","status":"publish","type":"product","link":"https:\/\/bergers-polonais.com\/boutique\/produit\/os-fume-ou-seche\/","title":{"rendered":"Os fum\u00e9 ou s\u00e9ch\u00e9"},"content":{"rendered":"","protected":false},"excerpt":{"rendered":"<p>Cet Os convient parfaitement pour les rongeurs inv\u00e9t\u00e9r\u00e9s, plus il sera gros, plus il durera longtemps &#8230;<\/p>\n<p>G\u00e9n\u00e9ralement tibia de boeuf fum\u00e9 il participera au d\u00e9veloppement et \u00e0 l&rsquo;entretien de la m\u00e2choire tout en occupant le rongeur pour un bon moment !<\/p>\n<p>Pr\u00e9f\u00e9rez l&rsquo;os de boeuf \u00e0 l&rsquo;os de jambon plus tendre. Banissez les petites tailles \u00e0 fort risque d&rsquo;ingestion accidentelle, jetez les morceaux &lsquo;cass\u00e9s&rsquo; que vous retrouveriez<\/p>\n<p>Dispo dans la plupart de animaleries, sur Amazon chercher &lsquo;<a href=\"https:\/\/www.amazon.fr\/s?k=os+de+boeuf+fum%C3%A9&amp;i=pets&amp;__mk_fr_FR=%C3%85M%C3%85%C5%BD%C3%95%C3%91&amp;ref=nb_sb_noss\" target=\"_blank\" rel=\"noopener noreferrer\">os de boeuf fum\u00e9<\/a>&lsquo; dans la section animalerie<\/p>\n","protected":false},"featured_media":201,"comment_status":"open","ping_status":"closed","template":"","meta":[],"product_cat":[29,28],"product_tag":[],"_links":{"self":[{"href":"https:\/\/bergers-polonais.com\/boutique\/wp-json\/wp\/v2\/product\/183"}],"collection":[{"href":"https:\/\/bergers-polonais.com\/boutique\/wp-json\/wp\/v2\/product"}],"about":[{"href":"https:\/\/bergers-polonais.com\/boutique\/wp-json\/wp\/v2\/types\/product"}],"replies":[{"embeddable":true,"href":"https:\/\/bergers-polonais.com\/boutique\/wp-json\/wp\/v2\/comments?post=183"}],"version-history":[{"count":7,"href":"https:\/\/bergers-polonais.com\/boutique\/wp-json\/wp\/v2\/product\/183\/revisions"}],"predecessor-version":[{"id":247,"href":"https:\/\/bergers-polonais.com\/boutique\/wp-json\/wp\/v2\/product\/183\/revisions\/247"}],"wp:featuredmedia":[{"embeddable":true,"href":"https:\/\/bergers-polonais.com\/boutique\/wp-json\/wp\/v2\/media\/201"}],"wp:attachment":[{"href":"https:\/\/bergers-polonais.com\/boutique\/wp-json\/wp\/v2\/media?parent=183"}],"wp:term":[{"taxonomy":"product_cat","embeddable":true,"href":"https:\/\/bergers-polonais.com\/boutique\/wp-json\/wp\/v2\/product_cat?post=183"},{"taxonomy":"product_tag","embeddable":true,"href":"https:\/\/bergers-polonais.com\/boutique\/wp-json\/wp\/v2\/product_tag?post=183"}],"curies":[{"name":"wp","href":"https:\/\/api.w.org\/{rel}","templated":true}]}}