{"id":186,"date":"2019-08-01T12:04:03","date_gmt":"2019-08-01T10:04:03","guid":{"rendered":"https:\/\/bergers-polonais.com\/boutique\/?post_type=product&#038;p=186"},"modified":"2019-08-02T22:37:44","modified_gmt":"2019-08-02T20:37:44","slug":"os-a-macher-2","status":"publish","type":"product","link":"https:\/\/bergers-polonais.com\/boutique\/produit\/os-a-macher-2\/","title":{"rendered":"Os \u00e0 m\u00e2cher"},"content":{"rendered":"","protected":false},"excerpt":{"rendered":"<p>Ces articles sont \u00e0 l&rsquo;origine \u00e0 base de peau de boeuf avec de multiple d\u00e9clinaisons<\/p>\n<p>dans le prolongement de tous les conseils sur les articles \u00e0 m\u00e2cher prenez la plus grosse taille possible pour \u00e9viter l&rsquo;\u00e9touffement des gloutons.<br \/>\nOn pense ici notamment \u00e0 tous les produits en petits conditionnement de 10\/15 cm de long qui peuvent provoquer des accidents<br \/>\ns&rsquo;il s&rsquo;agit de distribuer des r\u00e9compenses de multiples gateaux fourr\u00e9s de toutes tailles ou de simples morceaux de biscottes feront l&rsquo;affaire<\/p>\n<p>cet article existe \u00e0 tous les prix en animaleries, sur Amazon chercher par exemple &lsquo;<a href=\"https:\/\/www.amazon.fr\/s?k=os+peau+de+boeuf&amp;i=pets&amp;__mk_fr_FR=%C3%85M%C3%85%C5%BD%C3%95%C3%91&amp;ref=nb_sb_noss_1\" target=\"_blank\" rel=\"noopener noreferrer\">os peau de boeuf<\/a>&lsquo;, prix indicatif 10\/20 \u20ac kg<\/p>\n<p>&nbsp;<\/p>\n","protected":false},"featured_media":198,"comment_status":"open","ping_status":"closed","template":"","meta":[],"product_cat":[29,28],"product_tag":[],"_links":{"self":[{"href":"https:\/\/bergers-polonais.com\/boutique\/wp-json\/wp\/v2\/product\/186"}],"collection":[{"href":"https:\/\/bergers-polonais.com\/boutique\/wp-json\/wp\/v2\/product"}],"about":[{"href":"https:\/\/bergers-polonais.com\/boutique\/wp-json\/wp\/v2\/types\/product"}],"replies":[{"embeddable":true,"href":"https:\/\/bergers-polonais.com\/boutique\/wp-json\/wp\/v2\/comments?post=186"}],"version-history":[{"count":4,"href":"https:\/\/bergers-polonais.com\/boutique\/wp-json\/wp\/v2\/product\/186\/revisions"}],"predecessor-version":[{"id":246,"href":"https:\/\/bergers-polonais.com\/boutique\/wp-json\/wp\/v2\/product\/186\/revisions\/246"}],"wp:featuredmedia":[{"embeddable":true,"href":"https:\/\/bergers-polonais.com\/boutique\/wp-json\/wp\/v2\/media\/198"}],"wp:attachment":[{"href":"https:\/\/bergers-polonais.com\/boutique\/wp-json\/wp\/v2\/media?parent=186"}],"wp:term":[{"taxonomy":"product_cat","embeddable":true,"href":"https:\/\/bergers-polonais.com\/boutique\/wp-json\/wp\/v2\/product_cat?post=186"},{"taxonomy":"product_tag","embeddable":true,"href":"https:\/\/bergers-polonais.com\/boutique\/wp-json\/wp\/v2\/product_tag?post=186"}],"curies":[{"name":"wp","href":"https:\/\/api.w.org\/{rel}","templated":true}]}}