{"id":188,"date":"2019-08-01T13:51:26","date_gmt":"2019-08-01T11:51:26","guid":{"rendered":"https:\/\/bergers-polonais.com\/boutique\/?post_type=product&#038;p=188"},"modified":"2019-08-10T13:20:11","modified_gmt":"2019-08-10T11:20:11","slug":"bois-de-cerf-2","status":"publish","type":"product","link":"https:\/\/bergers-polonais.com\/boutique\/produit\/bois-de-cerf-2\/","title":{"rendered":"Bois de cerf"},"content":{"rendered":"","protected":false},"excerpt":{"rendered":"<p>Cet article \u00e0 m\u00e2cher est particuli\u00e8rement appr\u00e9ci\u00e9 de nos amis \u00e0 4 pattes<\/p>\n<p>Certes un peu cher \u00e0 l&rsquo;achat mais quasiment indestructible, il durera des mois sauf en cas de perte pr\u00e9matur\u00e9e<\/p>\n<p>Favorise le d\u00e9veloppement de la dentition chez le chiot et participe \u00e0 l&rsquo;entretien de la m\u00e2choire des adultes.<\/p>\n<p>quelque soit la race, choisissez plut\u00f4t du L ou du XL, ceci afin d&rsquo;\u00e9viter une ingestion accidentelle et n&rsquo;h\u00e9sitez pas \u00e0 le renouveler d\u00e8s qu&rsquo;il devient cassant ou de taille trop r\u00e9duite<\/p>\n<p>vous le trouverez probablement dans toutes les animaleries,\u00a0 chez <a href=\"http:\/\/boisdecerfamacher.com\" target=\"_blank\" rel=\"noopener noreferrer\">evidentboutique<\/a> ou sur Amazon en cherchant &lsquo;<a href=\"https:\/\/www.amazon.fr\/s?k=bois+de+cerf+chien&amp;i=pets&amp;__mk_fr_FR=%C3%85M%C3%85%C5%BD%C3%95%C3%91&amp;ref=nb_sb_noss_1\" target=\"_blank\" rel=\"noopener noreferrer\">bois de cerf \u00e0 macher chien<\/a>&lsquo;<\/p>\n","protected":false},"featured_media":345,"comment_status":"open","ping_status":"closed","template":"","meta":[],"product_cat":[29,28],"product_tag":[],"_links":{"self":[{"href":"https:\/\/bergers-polonais.com\/boutique\/wp-json\/wp\/v2\/product\/188"}],"collection":[{"href":"https:\/\/bergers-polonais.com\/boutique\/wp-json\/wp\/v2\/product"}],"about":[{"href":"https:\/\/bergers-polonais.com\/boutique\/wp-json\/wp\/v2\/types\/product"}],"replies":[{"embeddable":true,"href":"https:\/\/bergers-polonais.com\/boutique\/wp-json\/wp\/v2\/comments?post=188"}],"version-history":[{"count":6,"href":"https:\/\/bergers-polonais.com\/boutique\/wp-json\/wp\/v2\/product\/188\/revisions"}],"predecessor-version":[{"id":343,"href":"https:\/\/bergers-polonais.com\/boutique\/wp-json\/wp\/v2\/product\/188\/revisions\/343"}],"wp:featuredmedia":[{"embeddable":true,"href":"https:\/\/bergers-polonais.com\/boutique\/wp-json\/wp\/v2\/media\/345"}],"wp:attachment":[{"href":"https:\/\/bergers-polonais.com\/boutique\/wp-json\/wp\/v2\/media?parent=188"}],"wp:term":[{"taxonomy":"product_cat","embeddable":true,"href":"https:\/\/bergers-polonais.com\/boutique\/wp-json\/wp\/v2\/product_cat?post=188"},{"taxonomy":"product_tag","embeddable":true,"href":"https:\/\/bergers-polonais.com\/boutique\/wp-json\/wp\/v2\/product_tag?post=188"}],"curies":[{"name":"wp","href":"https:\/\/api.w.org\/{rel}","templated":true}]}}