{"id":207,"date":"2019-08-01T21:57:58","date_gmt":"2019-08-01T19:57:58","guid":{"rendered":"https:\/\/bergers-polonais.com\/boutique\/?post_type=product&#038;p=207"},"modified":"2025-02-10T20:36:22","modified_gmt":"2025-02-10T19:36:22","slug":"noeud-en-polaire","status":"publish","type":"product","link":"https:\/\/bergers-polonais.com\/boutique\/produit\/noeud-en-polaire\/","title":{"rendered":"Noeud en polaire"},"content":{"rendered":"","protected":false},"excerpt":{"rendered":"<p>Ce produit est particuli\u00e8rement destin\u00e9 aux chiots de par sa douceur de conception en tissu polaire<\/p>\n<p>Les adeptes du scoubidou sauront le refaire facilement avec un peu de patience et quelques plaids polaires que l&rsquo;on trouve en solderie<\/p>\n<p>Une variante est le snufflemat, sorte de tapis cr\u00e9\u00e9 \u00e0 base de chutes de polaire et dans lequel un peut dissimuler quelques croquettes pour lui donner un attrait.<\/p>\n<p>On trouve ces articles en animalerie ou sur Amazon en cherchant &lsquo;<a href=\"https:\/\/www.amazon.fr\/s?k=jouet+polaire+chien&amp;__mk_fr_FR=%C3%85M%C3%85%C5%BD%C3%95%C3%91&amp;ref=nb_sb_noss\" target=\"_blank\" rel=\"noopener noreferrer\">jouet polaire chien<\/a>&lsquo;<\/p>\n<p>&nbsp;<\/p>\n","protected":false},"featured_media":298,"comment_status":"open","ping_status":"closed","template":"","meta":[],"product_cat":[28],"product_tag":[],"_links":{"self":[{"href":"https:\/\/bergers-polonais.com\/boutique\/wp-json\/wp\/v2\/product\/207"}],"collection":[{"href":"https:\/\/bergers-polonais.com\/boutique\/wp-json\/wp\/v2\/product"}],"about":[{"href":"https:\/\/bergers-polonais.com\/boutique\/wp-json\/wp\/v2\/types\/product"}],"replies":[{"embeddable":true,"href":"https:\/\/bergers-polonais.com\/boutique\/wp-json\/wp\/v2\/comments?post=207"}],"version-history":[{"count":4,"href":"https:\/\/bergers-polonais.com\/boutique\/wp-json\/wp\/v2\/product\/207\/revisions"}],"predecessor-version":[{"id":302,"href":"https:\/\/bergers-polonais.com\/boutique\/wp-json\/wp\/v2\/product\/207\/revisions\/302"}],"wp:featuredmedia":[{"embeddable":true,"href":"https:\/\/bergers-polonais.com\/boutique\/wp-json\/wp\/v2\/media\/298"}],"wp:attachment":[{"href":"https:\/\/bergers-polonais.com\/boutique\/wp-json\/wp\/v2\/media?parent=207"}],"wp:term":[{"taxonomy":"product_cat","embeddable":true,"href":"https:\/\/bergers-polonais.com\/boutique\/wp-json\/wp\/v2\/product_cat?post=207"},{"taxonomy":"product_tag","embeddable":true,"href":"https:\/\/bergers-polonais.com\/boutique\/wp-json\/wp\/v2\/product_tag?post=207"}],"curies":[{"name":"wp","href":"https:\/\/api.w.org\/{rel}","templated":true}]}}