{"id":210,"date":"2019-08-01T23:54:55","date_gmt":"2019-08-01T21:54:55","guid":{"rendered":"https:\/\/bergers-polonais.com\/boutique\/?post_type=product&#038;p=210"},"modified":"2019-08-02T22:35:25","modified_gmt":"2019-08-02T20:35:25","slug":"laisse-pour-chien","status":"publish","type":"product","link":"https:\/\/bergers-polonais.com\/boutique\/produit\/laisse-pour-chien\/","title":{"rendered":"Laisse pour chien"},"content":{"rendered":"","protected":false},"excerpt":{"rendered":"<p>La simplicit\u00e9 et la l\u00e9g\u00e8ret\u00e9 sont les caract\u00e9ristiques d&rsquo;une bonne laisse &#8230;<\/p>\n<p>En effet la laisse mat\u00e9rialise un lien entre vous et votre compagnon.<\/p>\n<p>Ceci dit elle ne doit pas \u00eatre pour le chien un motif<\/p>\n<ul>\n<li>de se sentir en s\u00e9curit\u00e9 pour se permettre d&rsquo;aboyer apr\u00e8s tout ce qui bouge<\/li>\n<li>de tracter en prenant appui dans son collier et tirer comme un boeuf<\/li>\n<\/ul>\n<p>Rien n&rsquo;est plus d\u00e9sagr\u00e9able que de promener un tracteur. La politesse ca s&rsquo;apprend, un chien ca s&rsquo;\u00e9duque !<\/p>\n<p>La laisse n&rsquo;est l\u00e0 que pour<\/p>\n<ul>\n<li>s\u00e9curiser le bin\u00f4me ma\u00eetre &#8211; chien<\/li>\n<li>anticiper toute action\/r\u00e9action n\u00e9gative de votre compagnon<\/li>\n<li>le guider par de simples gestes d&rsquo;orientation.<\/li>\n<\/ul>\n<p>Aussi devrait on pouvoir s&rsquo;en sortir avec un mat\u00e9riel simple et de conception solide<\/p>\n<p>Longueur suffisante 1m20, largeur 15\/20 mm pour un Nizinny, 20\/ 25 mm pour un Podhale<br \/>\nUne poign\u00e9e, un mousqueton, mati\u00e8re id\u00e9ale en sangle de Nylon et le tour est jou\u00e9<\/p>\n<p>Sur Amazon chercher &lsquo;<a href=\"https:\/\/www.amazon.fr\/s?k=laisse+chien+120cm&amp;__mk_fr_FR=%C3%85M%C3%85%C5%BD%C3%95%C3%91&amp;ref=nb_sb_noss\" target=\"_blank\" rel=\"noopener noreferrer\">laisse chien 120 cm<\/a>\u00ab\u00a0<\/p>\n","protected":false},"featured_media":211,"comment_status":"open","ping_status":"closed","template":"","meta":[],"product_cat":[27],"product_tag":[],"_links":{"self":[{"href":"https:\/\/bergers-polonais.com\/boutique\/wp-json\/wp\/v2\/product\/210"}],"collection":[{"href":"https:\/\/bergers-polonais.com\/boutique\/wp-json\/wp\/v2\/product"}],"about":[{"href":"https:\/\/bergers-polonais.com\/boutique\/wp-json\/wp\/v2\/types\/product"}],"replies":[{"embeddable":true,"href":"https:\/\/bergers-polonais.com\/boutique\/wp-json\/wp\/v2\/comments?post=210"}],"version-history":[{"count":4,"href":"https:\/\/bergers-polonais.com\/boutique\/wp-json\/wp\/v2\/product\/210\/revisions"}],"predecessor-version":[{"id":244,"href":"https:\/\/bergers-polonais.com\/boutique\/wp-json\/wp\/v2\/product\/210\/revisions\/244"}],"wp:featuredmedia":[{"embeddable":true,"href":"https:\/\/bergers-polonais.com\/boutique\/wp-json\/wp\/v2\/media\/211"}],"wp:attachment":[{"href":"https:\/\/bergers-polonais.com\/boutique\/wp-json\/wp\/v2\/media?parent=210"}],"wp:term":[{"taxonomy":"product_cat","embeddable":true,"href":"https:\/\/bergers-polonais.com\/boutique\/wp-json\/wp\/v2\/product_cat?post=210"},{"taxonomy":"product_tag","embeddable":true,"href":"https:\/\/bergers-polonais.com\/boutique\/wp-json\/wp\/v2\/product_tag?post=210"}],"curies":[{"name":"wp","href":"https:\/\/api.w.org\/{rel}","templated":true}]}}