{"id":215,"date":"2019-08-02T00:05:43","date_gmt":"2019-08-01T22:05:43","guid":{"rendered":"https:\/\/bergers-polonais.com\/boutique\/?post_type=product&#038;p=215"},"modified":"2025-03-26T07:35:43","modified_gmt":"2025-03-26T06:35:43","slug":"collier-chien","status":"publish","type":"product","link":"https:\/\/bergers-polonais.com\/boutique\/produit\/collier-chien\/","title":{"rendered":"Collier chien"},"content":{"rendered":"","protected":false},"excerpt":{"rendered":"<p>Compl\u00e9ment naturel de la laisse\u00a0 &#8230;<\/p>\n<p>Il sera de pr\u00e9f\u00e9rence aussi simple et le plus l\u00e9ger et r\u00e9sistant possible<br \/>\nSes dimensions varient au fur et \u00e0 mesure de la vie du chien<\/p>\n<p>On conviendra des r\u00e8gles suivantes<\/p>\n<ul>\n<li>adapter la <strong>longueur<\/strong> au tour de cou du chien<\/li>\n<li>pour un chiot privil\u00e9gier du mat\u00e9riel peu cher (renouvellement oblige!), l\u00e9ger, r\u00e9sistant<\/li>\n<li>pour un chiot Nizinny <strong>largeur<\/strong> 10\/15 mm<\/li>\n<li>pour Nizinny adulte largeur 15\/20 mm<\/li>\n<li>pour un chiot Podhale largeur 15\/20 mm en fonction de son \u00e2ge<\/li>\n<li>pour un Podhale adulte largeur 20\/25 mm<\/li>\n<\/ul>\n<p>Banissez<\/p>\n<ul>\n<li>les colliers trop charg\u00e9s<\/li>\n<li>Les colliers trop larges<\/li>\n<li>Les colliers chaines<\/li>\n<li>Les colliers \u00e0 &lsquo;clous&rsquo;<\/li>\n<\/ul>\n<p>Sur Amazon chercher &lsquo;collier chien XX mm&rsquo; en fonction des largeurs donn\u00e9es ci dessus<\/p>\n","protected":false},"featured_media":216,"comment_status":"open","ping_status":"closed","template":"","meta":[],"product_cat":[27],"product_tag":[],"_links":{"self":[{"href":"https:\/\/bergers-polonais.com\/boutique\/wp-json\/wp\/v2\/product\/215"}],"collection":[{"href":"https:\/\/bergers-polonais.com\/boutique\/wp-json\/wp\/v2\/product"}],"about":[{"href":"https:\/\/bergers-polonais.com\/boutique\/wp-json\/wp\/v2\/types\/product"}],"replies":[{"embeddable":true,"href":"https:\/\/bergers-polonais.com\/boutique\/wp-json\/wp\/v2\/comments?post=215"}],"version-history":[{"count":7,"href":"https:\/\/bergers-polonais.com\/boutique\/wp-json\/wp\/v2\/product\/215\/revisions"}],"predecessor-version":[{"id":218,"href":"https:\/\/bergers-polonais.com\/boutique\/wp-json\/wp\/v2\/product\/215\/revisions\/218"}],"wp:featuredmedia":[{"embeddable":true,"href":"https:\/\/bergers-polonais.com\/boutique\/wp-json\/wp\/v2\/media\/216"}],"wp:attachment":[{"href":"https:\/\/bergers-polonais.com\/boutique\/wp-json\/wp\/v2\/media?parent=215"}],"wp:term":[{"taxonomy":"product_cat","embeddable":true,"href":"https:\/\/bergers-polonais.com\/boutique\/wp-json\/wp\/v2\/product_cat?post=215"},{"taxonomy":"product_tag","embeddable":true,"href":"https:\/\/bergers-polonais.com\/boutique\/wp-json\/wp\/v2\/product_tag?post=215"}],"curies":[{"name":"wp","href":"https:\/\/api.w.org\/{rel}","templated":true}]}}