{"id":226,"date":"2019-08-02T14:38:18","date_gmt":"2019-08-02T12:38:18","guid":{"rendered":"https:\/\/bergers-polonais.com\/boutique\/?post_type=product&#038;p=226"},"modified":"2022-02-04T18:26:49","modified_gmt":"2022-02-04T17:26:49","slug":"harnais-animalin","status":"publish","type":"product","link":"https:\/\/bergers-polonais.com\/boutique\/produit\/harnais-animalin\/","title":{"rendered":"Harnais Animalin"},"content":{"rendered":"","protected":false},"excerpt":{"rendered":"<p>Harnais d&rsquo;\u00e9ducation anti traction<\/p>\n<p>Il est peut \u00eatre plus efficace pour l&rsquo;anti traction car son anneau de poitrail est situ\u00e9 au bout d&rsquo;ine sangle et non fix\u00e9 au harnais lui m\u00eame<\/p>\n<p>par contre son prix est un peu \u00e9lev\u00e9 &#8230; env 45 euros &#8230;<\/p>\n<ul>\n<li>pour un Nizinny choisir le mod\u00e8le \u00ab\u00a0L\u00a0\u00bb<\/li>\n<li>pour un Podhale choisir le mod\u00e8le \u00ab\u00a0XL\u00a0\u00bb<\/li>\n<\/ul>\n<p>Rechercher sur Amazon ou sur internet\u00a0 &lsquo;<a href=\"https:\/\/www.amazon.fr\/s?k=animalin+harnais&amp;__mk_fr_FR=%C3%85M%C3%85%C5%BD%C3%95%C3%91&amp;ref=nb_sb_noss_1\" target=\"_blank\" rel=\"noopener noreferrer\">harnais animalin<\/a>&lsquo;<\/p>\n","protected":false},"featured_media":228,"comment_status":"open","ping_status":"closed","template":"","meta":[],"product_cat":[27],"product_tag":[],"_links":{"self":[{"href":"https:\/\/bergers-polonais.com\/boutique\/wp-json\/wp\/v2\/product\/226"}],"collection":[{"href":"https:\/\/bergers-polonais.com\/boutique\/wp-json\/wp\/v2\/product"}],"about":[{"href":"https:\/\/bergers-polonais.com\/boutique\/wp-json\/wp\/v2\/types\/product"}],"replies":[{"embeddable":true,"href":"https:\/\/bergers-polonais.com\/boutique\/wp-json\/wp\/v2\/comments?post=226"}],"version-history":[{"count":6,"href":"https:\/\/bergers-polonais.com\/boutique\/wp-json\/wp\/v2\/product\/226\/revisions"}],"predecessor-version":[{"id":240,"href":"https:\/\/bergers-polonais.com\/boutique\/wp-json\/wp\/v2\/product\/226\/revisions\/240"}],"wp:featuredmedia":[{"embeddable":true,"href":"https:\/\/bergers-polonais.com\/boutique\/wp-json\/wp\/v2\/media\/228"}],"wp:attachment":[{"href":"https:\/\/bergers-polonais.com\/boutique\/wp-json\/wp\/v2\/media?parent=226"}],"wp:term":[{"taxonomy":"product_cat","embeddable":true,"href":"https:\/\/bergers-polonais.com\/boutique\/wp-json\/wp\/v2\/product_cat?post=226"},{"taxonomy":"product_tag","embeddable":true,"href":"https:\/\/bergers-polonais.com\/boutique\/wp-json\/wp\/v2\/product_tag?post=226"}],"curies":[{"name":"wp","href":"https:\/\/api.w.org\/{rel}","templated":true}]}}