{"id":266,"date":"2019-08-03T10:26:49","date_gmt":"2019-08-03T08:26:49","guid":{"rendered":"https:\/\/bergers-polonais.com\/boutique\/?post_type=product&#038;p=266"},"modified":"2019-08-03T15:21:03","modified_gmt":"2019-08-03T13:21:03","slug":"gamelle","status":"publish","type":"product","link":"https:\/\/bergers-polonais.com\/boutique\/produit\/gamelle\/","title":{"rendered":"Gamelle"},"content":{"rendered":"","protected":false},"excerpt":{"rendered":"<p>On pr\u00e9f\u00e9rera le choix de gamelles inox pour l&rsquo;hygi\u00e8ne et la facilit\u00e9 de nettoyage, une pour l&rsquo;eau, une pour la nourriture<\/p>\n<ul>\n<li>eau : contenance env 2 \u00e0 3l<\/li>\n<li>Nourriture : contenance 1 \u00e0 2l<\/li>\n<\/ul>\n<p>On choisira \u00e9galement au moins pour la nourriture une gamelle &lsquo;silencieuse&rsquo;<br \/>\nEn effet certains chiens sont d\u00e9rang\u00e9s par le bruit du m\u00e9tal sur le carrelage et n&rsquo;osent parfois plus manger !!<br \/>\nLa forme conique avec un isolant caoutchouc est id\u00e9ale<br \/>\nSinon une astuce consiste \u00e0 mettre un morceau de moquette en dessous de ladite gamelle.<\/p>\n<p>On en trouve dans toute animalerie ou sur Amazon en cherchant &lsquo;<a href=\"https:\/\/www.amazon.fr\/s?k=gamelle+chien&amp;__mk_fr_FR=%C3%85M%C3%85%C5%BD%C3%95%C3%91&amp;ref=nb_sb_noss_1\" target=\"_blank\" rel=\"noopener noreferrer\">gamelle chien<\/a>&lsquo;<br \/>\nPrix indicatif entre 10 et 15 euros<\/p>\n","protected":false},"featured_media":277,"comment_status":"open","ping_status":"closed","template":"","meta":[],"product_cat":[30],"product_tag":[],"_links":{"self":[{"href":"https:\/\/bergers-polonais.com\/boutique\/wp-json\/wp\/v2\/product\/266"}],"collection":[{"href":"https:\/\/bergers-polonais.com\/boutique\/wp-json\/wp\/v2\/product"}],"about":[{"href":"https:\/\/bergers-polonais.com\/boutique\/wp-json\/wp\/v2\/types\/product"}],"replies":[{"embeddable":true,"href":"https:\/\/bergers-polonais.com\/boutique\/wp-json\/wp\/v2\/comments?post=266"}],"version-history":[{"count":2,"href":"https:\/\/bergers-polonais.com\/boutique\/wp-json\/wp\/v2\/product\/266\/revisions"}],"predecessor-version":[{"id":282,"href":"https:\/\/bergers-polonais.com\/boutique\/wp-json\/wp\/v2\/product\/266\/revisions\/282"}],"wp:featuredmedia":[{"embeddable":true,"href":"https:\/\/bergers-polonais.com\/boutique\/wp-json\/wp\/v2\/media\/277"}],"wp:attachment":[{"href":"https:\/\/bergers-polonais.com\/boutique\/wp-json\/wp\/v2\/media?parent=266"}],"wp:term":[{"taxonomy":"product_cat","embeddable":true,"href":"https:\/\/bergers-polonais.com\/boutique\/wp-json\/wp\/v2\/product_cat?post=266"},{"taxonomy":"product_tag","embeddable":true,"href":"https:\/\/bergers-polonais.com\/boutique\/wp-json\/wp\/v2\/product_tag?post=266"}],"curies":[{"name":"wp","href":"https:\/\/api.w.org\/{rel}","templated":true}]}}