{"id":307,"date":"2019-08-04T13:18:31","date_gmt":"2019-08-04T11:18:31","guid":{"rendered":"https:\/\/bergers-polonais.com\/boutique\/?post_type=product&#038;p=307"},"modified":"2022-06-21T11:34:46","modified_gmt":"2022-06-21T09:34:46","slug":"sangle-de-securite","status":"publish","type":"product","link":"https:\/\/bergers-polonais.com\/boutique\/produit\/sangle-de-securite\/","title":{"rendered":"Sangle de s\u00e9curit\u00e9"},"content":{"rendered":"","protected":false},"excerpt":{"rendered":"<p>Si vous disposez d\u00e9j\u00e0 d&rsquo;un harnais usffisament confortable et garantissant l&rsquo;amortissement de poitrail en cas de choc, vous pouvez vous contenter de l&rsquo;acquisition de cet article.<\/p>\n<p><strong>Attention<\/strong>: n&rsquo;attachez jamais un chien au collier en voiture. Cel\u00e0 peut sembler \u00e9vident mais il est toujours utile de\u00a0 rappeler le risque d&rsquo;\u00e9tranglement en cas de choc.<\/p>\n<p>Cet article se trouve dans toute animalerie ou sur Amazon en cherchant &lsquo;<a href=\"https:\/\/www.amazon.fr\/s?k=harnais+securite+voiture+chien&amp;__mk_fr_FR=%C3%85M%C3%85%C5%BD%C3%95%C3%91&amp;ref=nb_sb_noss_1\" target=\"_blank\" rel=\"noopener noreferrer\">harnais securite voiture chien<\/a>&lsquo;<\/p>\n","protected":false},"featured_media":322,"comment_status":"open","ping_status":"closed","template":"","meta":[],"product_cat":[27,31],"product_tag":[],"_links":{"self":[{"href":"https:\/\/bergers-polonais.com\/boutique\/wp-json\/wp\/v2\/product\/307"}],"collection":[{"href":"https:\/\/bergers-polonais.com\/boutique\/wp-json\/wp\/v2\/product"}],"about":[{"href":"https:\/\/bergers-polonais.com\/boutique\/wp-json\/wp\/v2\/types\/product"}],"replies":[{"embeddable":true,"href":"https:\/\/bergers-polonais.com\/boutique\/wp-json\/wp\/v2\/comments?post=307"}],"version-history":[{"count":3,"href":"https:\/\/bergers-polonais.com\/boutique\/wp-json\/wp\/v2\/product\/307\/revisions"}],"predecessor-version":[{"id":324,"href":"https:\/\/bergers-polonais.com\/boutique\/wp-json\/wp\/v2\/product\/307\/revisions\/324"}],"wp:featuredmedia":[{"embeddable":true,"href":"https:\/\/bergers-polonais.com\/boutique\/wp-json\/wp\/v2\/media\/322"}],"wp:attachment":[{"href":"https:\/\/bergers-polonais.com\/boutique\/wp-json\/wp\/v2\/media?parent=307"}],"wp:term":[{"taxonomy":"product_cat","embeddable":true,"href":"https:\/\/bergers-polonais.com\/boutique\/wp-json\/wp\/v2\/product_cat?post=307"},{"taxonomy":"product_tag","embeddable":true,"href":"https:\/\/bergers-polonais.com\/boutique\/wp-json\/wp\/v2\/product_tag?post=307"}],"curies":[{"name":"wp","href":"https:\/\/api.w.org\/{rel}","templated":true}]}}