{"id":309,"date":"2019-08-04T13:18:48","date_gmt":"2019-08-04T11:18:48","guid":{"rendered":"https:\/\/bergers-polonais.com\/boutique\/?post_type=product&#038;p=309"},"modified":"2019-08-04T23:56:08","modified_gmt":"2019-08-04T21:56:08","slug":"harnais-de-securite","status":"publish","type":"product","link":"https:\/\/bergers-polonais.com\/boutique\/produit\/harnais-de-securite\/","title":{"rendered":"Harnais de s\u00e9curit\u00e9"},"content":{"rendered":"","protected":false},"excerpt":{"rendered":"<p>Ce harnais vous permettra de s\u00e9curiser votre compagnon durant les transports en voiture<br \/>\nIl dispose d&rsquo;une sangle clipsable dans le logement de ceinture<br \/>\nIl est con\u00e7u sp\u00e9cialement pour amortir les contraintes sur le poitrail gr\u00e2ce un support large \u00e0 cet endroit.<\/p>\n<p>Les propri\u00e9taires disposant d&rsquo;un harnais de promenade pourront se contenter de l&rsquo;acquisition d&rsquo;une sangle de voiture en s&rsquo;assurant que leur harnais offre le m\u00eame dispositif de protection.<\/p>\n<p>On trouve cet article dans toutes les animaleries et sur internet en cherchant &lsquo;<a href=\"https:\/\/www.amazon.fr\/s?k=harnais+securite+voiture+chien&amp;__mk_fr_FR=%C3%85M%C3%85%C5%BD%C3%95%C3%91&amp;ref=nb_sb_noss_1\" target=\"_blank\" rel=\"noopener noreferrer\">harnais securite voiture chien<\/a>&lsquo; prix indicatif 15\/20 Euros<\/p>\n","protected":false},"featured_media":319,"comment_status":"open","ping_status":"closed","template":"","meta":[],"product_cat":[27,31],"product_tag":[],"_links":{"self":[{"href":"https:\/\/bergers-polonais.com\/boutique\/wp-json\/wp\/v2\/product\/309"}],"collection":[{"href":"https:\/\/bergers-polonais.com\/boutique\/wp-json\/wp\/v2\/product"}],"about":[{"href":"https:\/\/bergers-polonais.com\/boutique\/wp-json\/wp\/v2\/types\/product"}],"replies":[{"embeddable":true,"href":"https:\/\/bergers-polonais.com\/boutique\/wp-json\/wp\/v2\/comments?post=309"}],"version-history":[{"count":3,"href":"https:\/\/bergers-polonais.com\/boutique\/wp-json\/wp\/v2\/product\/309\/revisions"}],"predecessor-version":[{"id":321,"href":"https:\/\/bergers-polonais.com\/boutique\/wp-json\/wp\/v2\/product\/309\/revisions\/321"}],"wp:featuredmedia":[{"embeddable":true,"href":"https:\/\/bergers-polonais.com\/boutique\/wp-json\/wp\/v2\/media\/319"}],"wp:attachment":[{"href":"https:\/\/bergers-polonais.com\/boutique\/wp-json\/wp\/v2\/media?parent=309"}],"wp:term":[{"taxonomy":"product_cat","embeddable":true,"href":"https:\/\/bergers-polonais.com\/boutique\/wp-json\/wp\/v2\/product_cat?post=309"},{"taxonomy":"product_tag","embeddable":true,"href":"https:\/\/bergers-polonais.com\/boutique\/wp-json\/wp\/v2\/product_tag?post=309"}],"curies":[{"name":"wp","href":"https:\/\/api.w.org\/{rel}","templated":true}]}}