{"id":331,"date":"2019-08-04T23:20:42","date_gmt":"2019-08-04T21:20:42","guid":{"rendered":"https:\/\/bergers-polonais.com\/boutique\/?post_type=product&#038;p=331"},"modified":"2019-08-05T00:26:41","modified_gmt":"2019-08-04T22:26:41","slug":"jouet-bruyant-pour-chiot","status":"publish","type":"product","link":"https:\/\/bergers-polonais.com\/boutique\/produit\/jouet-bruyant-pour-chiot\/","title":{"rendered":"Jouet bruyant pour chiot"},"content":{"rendered":"","protected":false},"excerpt":{"rendered":"<p>Ce jouet participe \u00e0 l&rsquo;\u00e9veil des sens pour chiots<br \/>\nIl est \u00e0 la fois doux et bruyant mais pas d\u00e9rangeant pour vos oreilles<br \/>\nIl permettra d&rsquo;occuper votre chiot dans des moments calmes ou en voiture<\/p>\n<p>Il n&rsquo;est pas recommand\u00e9 pour les destructeurs confirm\u00e9s, dans ce cas pr\u00e9f\u00e9rez l&rsquo;astuce <a href=\"https:\/\/bergers-polonais.com\/boutique\/produit\/bouteille-dans-une-chaussette\/\" rel=\"noopener noreferrer\">bouteille dans une chaussette<\/a><\/p>\n<p>se trouve en animalerie ou sur Amazon en cherchant &lsquo;<a href=\"https:\/\/www.amazon.com\/s?k=Skinneeez+Crinklers&amp;ref=nb_sb_noss\" target=\"_blank\" rel=\"noopener noreferrer\">Skinneeez Crinklers<\/a>&lsquo;<\/p>\n","protected":false},"featured_media":332,"comment_status":"open","ping_status":"closed","template":"","meta":[],"product_cat":[28],"product_tag":[],"_links":{"self":[{"href":"https:\/\/bergers-polonais.com\/boutique\/wp-json\/wp\/v2\/product\/331"}],"collection":[{"href":"https:\/\/bergers-polonais.com\/boutique\/wp-json\/wp\/v2\/product"}],"about":[{"href":"https:\/\/bergers-polonais.com\/boutique\/wp-json\/wp\/v2\/types\/product"}],"replies":[{"embeddable":true,"href":"https:\/\/bergers-polonais.com\/boutique\/wp-json\/wp\/v2\/comments?post=331"}],"version-history":[{"count":5,"href":"https:\/\/bergers-polonais.com\/boutique\/wp-json\/wp\/v2\/product\/331\/revisions"}],"predecessor-version":[{"id":340,"href":"https:\/\/bergers-polonais.com\/boutique\/wp-json\/wp\/v2\/product\/331\/revisions\/340"}],"wp:featuredmedia":[{"embeddable":true,"href":"https:\/\/bergers-polonais.com\/boutique\/wp-json\/wp\/v2\/media\/332"}],"wp:attachment":[{"href":"https:\/\/bergers-polonais.com\/boutique\/wp-json\/wp\/v2\/media?parent=331"}],"wp:term":[{"taxonomy":"product_cat","embeddable":true,"href":"https:\/\/bergers-polonais.com\/boutique\/wp-json\/wp\/v2\/product_cat?post=331"},{"taxonomy":"product_tag","embeddable":true,"href":"https:\/\/bergers-polonais.com\/boutique\/wp-json\/wp\/v2\/product_tag?post=331"}],"curies":[{"name":"wp","href":"https:\/\/api.w.org\/{rel}","templated":true}]}}