{"id":337,"date":"2019-08-05T00:19:26","date_gmt":"2019-08-04T22:19:26","guid":{"rendered":"https:\/\/bergers-polonais.com\/boutique\/?post_type=product&#038;p=337"},"modified":"2023-01-12T22:46:44","modified_gmt":"2023-01-12T21:46:44","slug":"bouteille-dans-une-chaussette","status":"publish","type":"product","link":"https:\/\/bergers-polonais.com\/boutique\/produit\/bouteille-dans-une-chaussette\/","title":{"rendered":"Bouteille dans une chaussette"},"content":{"rendered":"","protected":false},"excerpt":{"rendered":"<p>Encore une petite astuce de fabrication<\/p>\n<ul>\n<li>prendre une bouteille plastique vide 33 cl par exemple<\/li>\n<li>enlever le bouchon, l&rsquo;\u00e9tiquette, la bague de s\u00e9curit\u00e9<\/li>\n<li>prendre une chaussette de taille suffisante pour envelopper la bouteille<\/li>\n<li>mettre la bouteille dans la chaussette<\/li>\n<li>faire un noeud<\/li>\n<\/ul>\n<p>Le tour est jou\u00e9 !<\/p>\n<p>vid\u00e9o ci dessous<\/p>\n<p>https:\/\/www.wikihow.com\/video\/7\/73\/Make%20Toys%20for%20Dogs%20Step%203.360p.mp4<\/p>\n","protected":false},"featured_media":339,"comment_status":"open","ping_status":"closed","template":"","meta":[],"product_cat":[28],"product_tag":[],"_links":{"self":[{"href":"https:\/\/bergers-polonais.com\/boutique\/wp-json\/wp\/v2\/product\/337"}],"collection":[{"href":"https:\/\/bergers-polonais.com\/boutique\/wp-json\/wp\/v2\/product"}],"about":[{"href":"https:\/\/bergers-polonais.com\/boutique\/wp-json\/wp\/v2\/types\/product"}],"replies":[{"embeddable":true,"href":"https:\/\/bergers-polonais.com\/boutique\/wp-json\/wp\/v2\/comments?post=337"}],"version-history":[{"count":1,"href":"https:\/\/bergers-polonais.com\/boutique\/wp-json\/wp\/v2\/product\/337\/revisions"}],"predecessor-version":[{"id":338,"href":"https:\/\/bergers-polonais.com\/boutique\/wp-json\/wp\/v2\/product\/337\/revisions\/338"}],"wp:featuredmedia":[{"embeddable":true,"href":"https:\/\/bergers-polonais.com\/boutique\/wp-json\/wp\/v2\/media\/339"}],"wp:attachment":[{"href":"https:\/\/bergers-polonais.com\/boutique\/wp-json\/wp\/v2\/media?parent=337"}],"wp:term":[{"taxonomy":"product_cat","embeddable":true,"href":"https:\/\/bergers-polonais.com\/boutique\/wp-json\/wp\/v2\/product_cat?post=337"},{"taxonomy":"product_tag","embeddable":true,"href":"https:\/\/bergers-polonais.com\/boutique\/wp-json\/wp\/v2\/product_tag?post=337"}],"curies":[{"name":"wp","href":"https:\/\/api.w.org\/{rel}","templated":true}]}}